{"id":719,"date":"2024-10-25T18:40:24","date_gmt":"2024-10-25T18:40:24","guid":{"rendered":"https:\/\/tusedenim.com.tr\/?page_id=719"},"modified":"2024-10-25T19:40:58","modified_gmt":"2024-10-25T19:40:58","slug":"gabardin","status":"publish","type":"page","link":"https:\/\/tusedenim.com.tr\/?page_id=719","title":{"rendered":"Gabardin"},"content":{"rendered":"\n<figure class=\"wp-block-image size-full\"><img loading=\"lazy\" decoding=\"async\" width=\"270\" height=\"270\" src=\"https:\/\/tusedenim.com.tr\/wp-content\/uploads\/2024\/10\/gabardin.jpg\" alt=\"\" class=\"wp-image-720\" srcset=\"https:\/\/tusedenim.com.tr\/wp-content\/uploads\/2024\/10\/gabardin.jpg 270w, https:\/\/tusedenim.com.tr\/wp-content\/uploads\/2024\/10\/gabardin-150x150.jpg 150w, https:\/\/tusedenim.com.tr\/wp-content\/uploads\/2024\/10\/gabardin-230x230.jpg 230w, https:\/\/tusedenim.com.tr\/wp-content\/uploads\/2024\/10\/gabardin-45x45.jpg 45w\" sizes=\"auto, (max-width: 270px) 100vw, 270px\" \/><\/figure>\n\n\n<p>Gabardin, s\u0131k\u0131 dokunmu\u015f dimi \u00f6rg\u00fcs\u00fc sayesinde kal\u0131n, genellikle suya dayan\u0131kl\u0131 bir dokuya ve bir taraf\u0131nda \u00e7apraz fitiller bulunan p\u00fcr\u00fczs\u00fcz bir y\u00fczeye sahiptir.<\/p>\n<p>Gabardin, dayan\u0131kl\u0131, dimi kamgarn bir y\u00fcnd\u00fcr. S\u0131k\u0131 dokunmu\u015f su ge\u00e7irmez bir kuma\u015ft\u0131r ve d\u0131\u015f giyim ve di\u011fer \u00e7e\u015fitli giysilerin yap\u0131m\u0131nda kullan\u0131l\u0131r.<\/p>\n<ul>\n<li>Tak\u0131m Elbise<\/li>\n<li>Palto<\/li>\n<li>Pantolon<\/li>\n<li>\u00dcniforma<\/li>\n<li>R\u00fczgarl\u0131k<\/li>\n<\/ul>\n\n\n<p><\/p>\n\n\n\n<p><\/p>\n\n\n\n<p><\/p>\n","protected":false},"excerpt":{"rendered":"<p>Gabardin, s\u0131k\u0131 dokunmu\u015f dimi \u00f6rg\u00fcs\u00fc sayesinde kal\u0131n, genellikle suya dayan\u0131kl\u0131 bir dokuya ve bir taraf\u0131nda \u00e7apraz fitiller bulunan p\u00fcr\u00fczs\u00fcz bir y\u00fczeye sahiptir. Gabardin, dayan\u0131kl\u0131, dimi kamgarn bir y\u00fcnd\u00fcr. S\u0131k\u0131 dokunmu\u015f su ge\u00e7irmez bir kuma\u015ft\u0131r ve d\u0131\u015f giyim ve di\u011fer \u00e7e\u015fitli<\/p>\n","protected":false},"author":1,"featured_media":725,"parent":0,"menu_order":0,"comment_status":"closed","ping_status":"closed","template":"","meta":{"footnotes":""},"class_list":["post-719","page","type-page","status-publish","has-post-thumbnail","hentry"],"_links":{"self":[{"href":"https:\/\/tusedenim.com.tr\/index.php?rest_route=\/wp\/v2\/pages\/719","targetHints":{"allow":["GET"]}}],"collection":[{"href":"https:\/\/tusedenim.com.tr\/index.php?rest_route=\/wp\/v2\/pages"}],"about":[{"href":"https:\/\/tusedenim.com.tr\/index.php?rest_route=\/wp\/v2\/types\/page"}],"author":[{"embeddable":true,"href":"https:\/\/tusedenim.com.tr\/index.php?rest_route=\/wp\/v2\/users\/1"}],"replies":[{"embeddable":true,"href":"https:\/\/tusedenim.com.tr\/index.php?rest_route=%2Fwp%2Fv2%2Fcomments&post=719"}],"version-history":[{"count":2,"href":"https:\/\/tusedenim.com.tr\/index.php?rest_route=\/wp\/v2\/pages\/719\/revisions"}],"predecessor-version":[{"id":723,"href":"https:\/\/tusedenim.com.tr\/index.php?rest_route=\/wp\/v2\/pages\/719\/revisions\/723"}],"wp:featuredmedia":[{"embeddable":true,"href":"https:\/\/tusedenim.com.tr\/index.php?rest_route=\/wp\/v2\/media\/725"}],"wp:attachment":[{"href":"https:\/\/tusedenim.com.tr\/index.php?rest_route=%2Fwp%2Fv2%2Fmedia&parent=719"}],"curies":[{"name":"wp","href":"https:\/\/api.w.org\/{rel}","templated":true}]}}