{"id":728,"date":"2024-10-25T19:55:39","date_gmt":"2024-10-25T19:55:39","guid":{"rendered":"https:\/\/tusedenim.com.tr\/?page_id=728"},"modified":"2024-10-26T09:44:32","modified_gmt":"2024-10-26T09:44:32","slug":"kadife-2","status":"publish","type":"page","link":"https:\/\/tusedenim.com.tr\/?page_id=728","title":{"rendered":"Kadife"},"content":{"rendered":"\n<figure class=\"wp-block-image size-full\"><img loading=\"lazy\" decoding=\"async\" width=\"270\" height=\"270\" src=\"https:\/\/tusedenim.com.tr\/wp-content\/uploads\/2024\/10\/kadife2.jpg\" alt=\"\" class=\"wp-image-729\" srcset=\"https:\/\/tusedenim.com.tr\/wp-content\/uploads\/2024\/10\/kadife2.jpg 270w, https:\/\/tusedenim.com.tr\/wp-content\/uploads\/2024\/10\/kadife2-150x150.jpg 150w, https:\/\/tusedenim.com.tr\/wp-content\/uploads\/2024\/10\/kadife2-230x230.jpg 230w, https:\/\/tusedenim.com.tr\/wp-content\/uploads\/2024\/10\/kadife2-45x45.jpg 45w\" sizes=\"auto, (max-width: 270px) 100vw, 270px\" \/><\/figure>\n\n\n<p>Kadife, \u015f\u0131kl\u0131\u011f\u0131, yumu\u015fakl\u0131\u011f\u0131 ve l\u00fcks g\u00f6r\u00fcn\u00fcm\u00fcyle bilinen bir kuma\u015f t\u00fcr\u00fcd\u00fcr. Genellikle giyim ve \u00e7e\u015fitli tekstil uygulamalar\u0131n\u0131n \u00fcretiminde kullan\u0131l\u0131r. Kadife ipek, pamuk, suni ipek gibi \u00e7e\u015fitli elyaflardan veya polyester gibi sentetik malzemelerden yap\u0131labilir.<\/p>\n<p>Kadife kuma\u015f, tasar\u0131m ve i\u015f\u00e7ilik projelerinde \u00e7ok y\u00f6nl\u00fcl\u00fc\u011fe olanak tan\u0131yan geni\u015f bir renk yelpazesine sahiptir.<\/p>\n<ul>\n<li>M\u00fccevher Tonlar\u0131: Z\u00fcmr\u00fct ye\u015fili, safir mavisi, yakut k\u0131rm\u0131z\u0131s\u0131 gibi<\/li>\n<li>N\u00f6trler: Siyah, beyaz ve gri gibi klasik n\u00f6tr renkler<\/li>\n<li>Parlak ve E\u011flenceli Tonlar<\/li>\n<li>\u00d6zel Renkler<\/li>\n<li>\u0130ki tonlu kadife kuma\u015f<\/li>\n<\/ul>\n\n\n<p><\/p>\n\n\n\n<p><\/p>\n\n\n\n<p><\/p>\n","protected":false},"excerpt":{"rendered":"<p>Kadife, \u015f\u0131kl\u0131\u011f\u0131, yumu\u015fakl\u0131\u011f\u0131 ve l\u00fcks g\u00f6r\u00fcn\u00fcm\u00fcyle bilinen bir kuma\u015f t\u00fcr\u00fcd\u00fcr. Genellikle giyim ve \u00e7e\u015fitli tekstil uygulamalar\u0131n\u0131n \u00fcretiminde kullan\u0131l\u0131r. Kadife ipek, pamuk, suni ipek gibi \u00e7e\u015fitli elyaflardan veya polyester gibi sentetik malzemelerden yap\u0131labilir. Kadife kuma\u015f, tasar\u0131m ve i\u015f\u00e7ilik projelerinde \u00e7ok y\u00f6nl\u00fcl\u00fc\u011fe<\/p>\n","protected":false},"author":1,"featured_media":729,"parent":0,"menu_order":0,"comment_status":"closed","ping_status":"closed","template":"","meta":{"footnotes":""},"class_list":["post-728","page","type-page","status-publish","has-post-thumbnail","hentry"],"_links":{"self":[{"href":"https:\/\/tusedenim.com.tr\/index.php?rest_route=\/wp\/v2\/pages\/728","targetHints":{"allow":["GET"]}}],"collection":[{"href":"https:\/\/tusedenim.com.tr\/index.php?rest_route=\/wp\/v2\/pages"}],"about":[{"href":"https:\/\/tusedenim.com.tr\/index.php?rest_route=\/wp\/v2\/types\/page"}],"author":[{"embeddable":true,"href":"https:\/\/tusedenim.com.tr\/index.php?rest_route=\/wp\/v2\/users\/1"}],"replies":[{"embeddable":true,"href":"https:\/\/tusedenim.com.tr\/index.php?rest_route=%2Fwp%2Fv2%2Fcomments&post=728"}],"version-history":[{"count":1,"href":"https:\/\/tusedenim.com.tr\/index.php?rest_route=\/wp\/v2\/pages\/728\/revisions"}],"predecessor-version":[{"id":730,"href":"https:\/\/tusedenim.com.tr\/index.php?rest_route=\/wp\/v2\/pages\/728\/revisions\/730"}],"wp:featuredmedia":[{"embeddable":true,"href":"https:\/\/tusedenim.com.tr\/index.php?rest_route=\/wp\/v2\/media\/729"}],"wp:attachment":[{"href":"https:\/\/tusedenim.com.tr\/index.php?rest_route=%2Fwp%2Fv2%2Fmedia&parent=728"}],"curies":[{"name":"wp","href":"https:\/\/api.w.org\/{rel}","templated":true}]}}