{"id":736,"date":"2024-10-26T09:28:16","date_gmt":"2024-10-26T09:28:16","guid":{"rendered":"https:\/\/tusedenim.com.tr\/?page_id=736"},"modified":"2024-10-26T10:59:34","modified_gmt":"2024-10-26T10:59:34","slug":"hakkimizda","status":"publish","type":"page","link":"https:\/\/tusedenim.com.tr\/?page_id=736","title":{"rendered":"Hakk\u0131m\u0131zda"},"content":{"rendered":"\n<blockquote class=\"wp-block-quote is-layout-flow wp-block-quote-is-layout-flow\">\n<p>1987 y\u0131l\u0131ndan g\u00fcn\u00fcm\u00fcze tekstil sekt\u00f6r\u00fcnde toptan kuma\u015f tedari\u011fi konusunda uzmanl\u0131\u011fa sahiptir. Toptan kuma\u015f tedarik\u00e7isi olarak hem kaliteyi hem de miktar\u0131 bulman\u0131za yard\u0131mc\u0131 olmay\u0131 ama\u00e7lamaktay\u0131z. <\/p>\n<\/blockquote>\n\n\n\n<p>Daha b\u00fcy\u00fck \u00fcretime haz\u0131r bir marka, giysilerinin yap\u0131m maliyetini d\u00fc\u015f\u00fcrmek i\u00e7in daha b\u00fcy\u00fck miktarlarda sat\u0131n almay\u0131 son derece faydal\u0131 bulacakt\u0131r. Toptan sat\u0131n alman\u0131n daha rahat ve tutarl\u0131 oldu\u011fu da kan\u0131tlanm\u0131\u015ft\u0131r. Bir marka envanterini geni\u015flettik\u00e7e \u00fcr\u00fcnler aras\u0131nda daha fazla kalite tutarl\u0131l\u0131\u011f\u0131 gerektirir. Kuma\u015f\u0131 toplu olarak sat\u0131n alarak koleksiyonlar\u0131 ve stoklar\u0131 genelinde kalite tutarl\u0131l\u0131\u011f\u0131n\u0131 art\u0131rabilirler.<\/p>\n\n\n\n<p>Tekstil sekt\u00f6rdeki uzun y\u0131llard\u0131r bulunmam\u0131z, ihtiya\u00e7lar\u0131n\u0131z\u0131 g\u00f6z \u00f6n\u00fcnde bulundurarak sunaca\u011f\u0131z yeni teklifler, m\u00fc\u015fteri hizmetlerimizin kalitesi, m\u00fc\u015fterilerimizin g\u00f6r\u00fc\u015fleri, sundu\u011fumuz di\u011fer hizmet ve yeteneklerimiz ile g\u00fcncel olmaya ve s\u00fcrd\u00fcr\u00fclebilir b\u00fcy\u00fcmeye \u00f6nem vermekteyiz.<\/p>\n\n\n\n<p><strong>TU\u015eE DEN\u0130M TEKST\u0130L SAN. VE T\u0130C.LTD.\u015eT\u0130.<\/strong><\/p>\n\n\n\n<p><\/p>\n","protected":false},"excerpt":{"rendered":"<p>1987 y\u0131l\u0131ndan g\u00fcn\u00fcm\u00fcze tekstil sekt\u00f6r\u00fcnde toptan kuma\u015f tedari\u011fi konusunda uzmanl\u0131\u011fa sahiptir. Toptan kuma\u015f tedarik\u00e7isi olarak hem kaliteyi hem de miktar\u0131 bulman\u0131za yard\u0131mc\u0131 olmay\u0131 ama\u00e7lamaktay\u0131z. Daha b\u00fcy\u00fck \u00fcretime haz\u0131r bir marka, giysilerinin yap\u0131m maliyetini d\u00fc\u015f\u00fcrmek i\u00e7in daha b\u00fcy\u00fck miktarlarda sat\u0131n almay\u0131<\/p>\n","protected":false},"author":1,"featured_media":0,"parent":0,"menu_order":0,"comment_status":"closed","ping_status":"closed","template":"","meta":{"footnotes":""},"class_list":["post-736","page","type-page","status-publish","hentry"],"_links":{"self":[{"href":"https:\/\/tusedenim.com.tr\/index.php?rest_route=\/wp\/v2\/pages\/736","targetHints":{"allow":["GET"]}}],"collection":[{"href":"https:\/\/tusedenim.com.tr\/index.php?rest_route=\/wp\/v2\/pages"}],"about":[{"href":"https:\/\/tusedenim.com.tr\/index.php?rest_route=\/wp\/v2\/types\/page"}],"author":[{"embeddable":true,"href":"https:\/\/tusedenim.com.tr\/index.php?rest_route=\/wp\/v2\/users\/1"}],"replies":[{"embeddable":true,"href":"https:\/\/tusedenim.com.tr\/index.php?rest_route=%2Fwp%2Fv2%2Fcomments&post=736"}],"version-history":[{"count":2,"href":"https:\/\/tusedenim.com.tr\/index.php?rest_route=\/wp\/v2\/pages\/736\/revisions"}],"predecessor-version":[{"id":767,"href":"https:\/\/tusedenim.com.tr\/index.php?rest_route=\/wp\/v2\/pages\/736\/revisions\/767"}],"wp:attachment":[{"href":"https:\/\/tusedenim.com.tr\/index.php?rest_route=%2Fwp%2Fv2%2Fmedia&parent=736"}],"curies":[{"name":"wp","href":"https:\/\/api.w.org\/{rel}","templated":true}]}}