{"id":744,"date":"2024-10-26T09:53:04","date_gmt":"2024-10-26T09:53:04","guid":{"rendered":"https:\/\/tusedenim.com.tr\/?page_id=744"},"modified":"2024-10-26T09:55:57","modified_gmt":"2024-10-26T09:55:57","slug":"tencel","status":"publish","type":"page","link":"https:\/\/tusedenim.com.tr\/?page_id=744","title":{"rendered":"Tencel"},"content":{"rendered":"\n<figure class=\"wp-block-image size-full\"><img loading=\"lazy\" decoding=\"async\" width=\"270\" height=\"270\" src=\"https:\/\/tusedenim.com.tr\/wp-content\/uploads\/2024\/10\/Tencel-Fabric.jpg\" alt=\"\" class=\"wp-image-747\" srcset=\"https:\/\/tusedenim.com.tr\/wp-content\/uploads\/2024\/10\/Tencel-Fabric.jpg 270w, https:\/\/tusedenim.com.tr\/wp-content\/uploads\/2024\/10\/Tencel-Fabric-150x150.jpg 150w, https:\/\/tusedenim.com.tr\/wp-content\/uploads\/2024\/10\/Tencel-Fabric-230x230.jpg 230w, https:\/\/tusedenim.com.tr\/wp-content\/uploads\/2024\/10\/Tencel-Fabric-45x45.jpg 45w\" sizes=\"auto, (max-width: 270px) 100vw, 270px\" \/><\/figure>\n\n\n<p>Tencel, odun hamuru sel\u00fcloz elyaflar\u0131ndan yap\u0131lm\u0131\u015f \u00e7evre dostu bir kuma\u015ft\u0131r. \u00c7ekmez yani y\u0131kand\u0131ktan sonra \u015feklini ve boyutunu koruyan bir kuma\u015f t\u00fcr\u00fcd\u00fcr.<\/p>\n<p>Ayn\u0131 zamanda g\u00fcnl\u00fck kullan\u0131m i\u00e7in yeterince dayan\u0131kl\u0131d\u0131r, bu da onu \u015f\u0131k ve s\u00fcrd\u00fcr\u00fclebilir giysiler i\u00e7in uzun \u00f6m\u00fcrl\u00fc bir yat\u0131r\u0131m haline getirir<\/p>\n<p>\u00d6te yandan yar\u0131 sentetik bir elyaf olan Tencel art\u0131k giyim \u00fcreticileri ve t\u00fcketicileri aras\u0131nda pop\u00fcler. Bu malzemenin y\u00fcksek \u0131slakl\u0131k mukavemeti vard\u0131r ve bu da onu i\u00e7 \u00e7ama\u015f\u0131r\u0131 ve spor giyim gibi \u0131slanma ihtimali olan giyim e\u015fyalar\u0131 i\u00e7in ideal k\u0131lar.<\/p>\n<p>Tencel, boyalar\u0131 emerek geni\u015f bir renk se\u00e7ene\u011fi yelpazesi sunabiliyor; bu da s\u0131kl\u0131kla parlak ve cesur renklere yer veren spor giyim i\u00e7in \u00f6nemli.<\/p>\n<p>Tencel kuma\u015f\u0131 son y\u0131llarda pop\u00fcler hale geldi. End\u00fcstrilerde geni\u015f bir kullan\u0131m ve uygulama yelpazesine sahiptir. \u0130\u015fte Tencel kuma\u015flar\u0131n\u0131n yayg\u0131n kullan\u0131mlar\u0131ndan baz\u0131lar\u0131.<\/p>\n<ul>\n<li>Haz\u0131r Giyim End\u00fcstrisi<\/li>\n<li>Ev Tekstili<\/li>\n<li>Dokunmam\u0131\u015f Kuma\u015f<\/li>\n<li>T\u0131bbi Kullan\u0131m<\/li>\n<\/ul>\n\n\n<p><\/p>\n\n\n\n<p><\/p>\n\n\n\n<p><\/p>\n","protected":false},"excerpt":{"rendered":"<p>Tencel, odun hamuru sel\u00fcloz elyaflar\u0131ndan yap\u0131lm\u0131\u015f \u00e7evre dostu bir kuma\u015ft\u0131r. \u00c7ekmez yani y\u0131kand\u0131ktan sonra \u015feklini ve boyutunu koruyan bir kuma\u015f t\u00fcr\u00fcd\u00fcr. Ayn\u0131 zamanda g\u00fcnl\u00fck kullan\u0131m i\u00e7in yeterince dayan\u0131kl\u0131d\u0131r, bu da onu \u015f\u0131k ve s\u00fcrd\u00fcr\u00fclebilir giysiler i\u00e7in uzun \u00f6m\u00fcrl\u00fc bir yat\u0131r\u0131m<\/p>\n","protected":false},"author":1,"featured_media":0,"parent":0,"menu_order":0,"comment_status":"closed","ping_status":"closed","template":"","meta":{"footnotes":""},"class_list":["post-744","page","type-page","status-publish","hentry"],"_links":{"self":[{"href":"https:\/\/tusedenim.com.tr\/index.php?rest_route=\/wp\/v2\/pages\/744","targetHints":{"allow":["GET"]}}],"collection":[{"href":"https:\/\/tusedenim.com.tr\/index.php?rest_route=\/wp\/v2\/pages"}],"about":[{"href":"https:\/\/tusedenim.com.tr\/index.php?rest_route=\/wp\/v2\/types\/page"}],"author":[{"embeddable":true,"href":"https:\/\/tusedenim.com.tr\/index.php?rest_route=\/wp\/v2\/users\/1"}],"replies":[{"embeddable":true,"href":"https:\/\/tusedenim.com.tr\/index.php?rest_route=%2Fwp%2Fv2%2Fcomments&post=744"}],"version-history":[{"count":3,"href":"https:\/\/tusedenim.com.tr\/index.php?rest_route=\/wp\/v2\/pages\/744\/revisions"}],"predecessor-version":[{"id":750,"href":"https:\/\/tusedenim.com.tr\/index.php?rest_route=\/wp\/v2\/pages\/744\/revisions\/750"}],"wp:attachment":[{"href":"https:\/\/tusedenim.com.tr\/index.php?rest_route=%2Fwp%2Fv2%2Fmedia&parent=744"}],"curies":[{"name":"wp","href":"https:\/\/api.w.org\/{rel}","templated":true}]}}