{"id":751,"date":"2024-10-26T10:08:20","date_gmt":"2024-10-26T10:08:20","guid":{"rendered":"https:\/\/tusedenim.com.tr\/?page_id=751"},"modified":"2024-10-26T10:17:21","modified_gmt":"2024-10-26T10:17:21","slug":"tuse-denim-tekstil-san-ve-tic-ltd-sti","status":"publish","type":"page","link":"https:\/\/tusedenim.com.tr\/?page_id=751","title":{"rendered":"Bize Ula\u015f\u0131n"},"content":{"rendered":"\n<p><strong>TU\u015eE DEN\u0130M TEKST\u0130L SAN. VE T\u0130C.LTD.\u015eT\u0130.<\/strong><\/p>\n\n\n\n<p><strong>Adres:<\/strong> Mehmet Nesih \u00d6zmen Mah. Fatih Cad. Akasya Sk. Dirican \u0130\u015f Merkezi No: 7\/24  <br> Merter &#8211; G\u00fcng\u00f6ren\/\u0130stanbul<\/p>\n\n\n\n<p><strong>Tel.:<\/strong> +90 212 502 67 27<br><strong>e-mail:<\/strong> info@tusedenim.com.tr<\/p>\n\n\n\n<p><\/p>\n\n\n<p><iframe loading=\"lazy\" style=\"border: 0;\" src=\"https:\/\/www.google.com\/maps\/embed?pb=!1m18!1m12!1m3!1d3010.3679173828527!2d28.88266107655819!3d41.017206018874234!2m3!1f0!2f0!3f0!3m2!1i1024!2i768!4f13.1!3m3!1m2!1s0x14cabb1f05c70081%3A0x557e470c9bc84186!2zRGlyaWNhbiDEsMWfIE1lcmtlemk!5e0!3m2!1str!2str!4v1729937420664!5m2!1str!2str\" width=\"600\" height=\"450\" allowfullscreen=\"allowfullscreen\"><\/iframe><\/p>","protected":false},"excerpt":{"rendered":"<p>TU\u015eE DEN\u0130M TEKST\u0130L SAN. VE T\u0130C.LTD.\u015eT\u0130. Adres: Mehmet Nesih \u00d6zmen Mah. Fatih Cad. Akasya Sk. Dirican \u0130\u015f Merkezi No: 7\/24 Merter &#8211; G\u00fcng\u00f6ren\/\u0130stanbul Tel.: +90 212 502 67 27e-mail: info@tusedenim.com.tr<\/p>\n","protected":false},"author":1,"featured_media":0,"parent":0,"menu_order":0,"comment_status":"closed","ping_status":"closed","template":"","meta":{"footnotes":""},"class_list":["post-751","page","type-page","status-publish","hentry"],"_links":{"self":[{"href":"https:\/\/tusedenim.com.tr\/index.php?rest_route=\/wp\/v2\/pages\/751","targetHints":{"allow":["GET"]}}],"collection":[{"href":"https:\/\/tusedenim.com.tr\/index.php?rest_route=\/wp\/v2\/pages"}],"about":[{"href":"https:\/\/tusedenim.com.tr\/index.php?rest_route=\/wp\/v2\/types\/page"}],"author":[{"embeddable":true,"href":"https:\/\/tusedenim.com.tr\/index.php?rest_route=\/wp\/v2\/users\/1"}],"replies":[{"embeddable":true,"href":"https:\/\/tusedenim.com.tr\/index.php?rest_route=%2Fwp%2Fv2%2Fcomments&post=751"}],"version-history":[{"count":7,"href":"https:\/\/tusedenim.com.tr\/index.php?rest_route=\/wp\/v2\/pages\/751\/revisions"}],"predecessor-version":[{"id":760,"href":"https:\/\/tusedenim.com.tr\/index.php?rest_route=\/wp\/v2\/pages\/751\/revisions\/760"}],"wp:attachment":[{"href":"https:\/\/tusedenim.com.tr\/index.php?rest_route=%2Fwp%2Fv2%2Fmedia&parent=751"}],"curies":[{"name":"wp","href":"https:\/\/api.w.org\/{rel}","templated":true}]}}