{"id":86,"date":"2014-03-21T13:29:10","date_gmt":"2014-03-21T13:29:10","guid":{"rendered":"http:\/\/demo.themegrill.com\/spacious\/?page_id=86"},"modified":"2024-10-25T19:40:18","modified_gmt":"2024-10-25T19:40:18","slug":"recent-work-skateboard","status":"publish","type":"page","link":"https:\/\/tusedenim.com.tr\/?page_id=86","title":{"rendered":"Denim"},"content":{"rendered":"\n<figure class=\"wp-block-image size-full\"><img loading=\"lazy\" decoding=\"async\" width=\"270\" height=\"270\" src=\"https:\/\/tusedenim.com.tr\/wp-content\/uploads\/2024\/10\/denim-1.jpg\" alt=\"\" class=\"wp-image-706\" srcset=\"https:\/\/tusedenim.com.tr\/wp-content\/uploads\/2024\/10\/denim-1.jpg 270w, https:\/\/tusedenim.com.tr\/wp-content\/uploads\/2024\/10\/denim-1-150x150.jpg 150w, https:\/\/tusedenim.com.tr\/wp-content\/uploads\/2024\/10\/denim-1-230x230.jpg 230w, https:\/\/tusedenim.com.tr\/wp-content\/uploads\/2024\/10\/denim-1-45x45.jpg 45w\" sizes=\"auto, (max-width: 270px) 100vw, 270px\" \/><\/figure>\n\n\n<p>Denim \u00e7e\u015fitli renklerde mevcuttur, ancak en yayg\u0131n denim, \u00e7\u00f6zg\u00fc ipli\u011finin boyand\u0131\u011f\u0131 ve atk\u0131 ipli\u011finin beyaz b\u0131rak\u0131ld\u0131\u011f\u0131 indigo denimdir. \u00c7\u00f6zg\u00fc y\u00fczl\u00fc dimi dokuma sonucunda kuma\u015f\u0131n bir taraf\u0131nda mavi \u00e7\u00f6zg\u00fc iplikleri, di\u011fer taraf\u0131nda ise beyaz atk\u0131 iplikleri hakimdir. Bu kuma\u015ftan \u00fcretilen kot pantolonlar\u0131n i\u00e7 k\u0131sm\u0131 bu nedenle a\u011f\u0131rl\u0131kl\u0131 olarak beyaz renktedir.<\/p>\n<p>Denim kuma\u015f\u0131n b\u00fcy\u00fck \u00e7o\u011funlu\u011fu giyimde kullan\u0131lmaktad\u0131r. Denim giyim \u00f6\u011felerinin \u00f6rnekleri \u015funlar\u0131 i\u00e7erir:<\/p>\n<ul>\n<li>Kot<\/li>\n<li>Etekler<\/li>\n<li>G\u00f6mlekler<\/li>\n<li>Bluzlar<\/li>\n<li>Ceketler<\/li>\n<li>Yelekler<\/li>\n<\/ul>\n\n\n<p><\/p>\n\n\n\n<p><\/p>\n\n\n\n<p><\/p>\n","protected":false},"excerpt":{"rendered":"<p>Denim \u00e7e\u015fitli renklerde mevcuttur, ancak en yayg\u0131n denim, \u00e7\u00f6zg\u00fc ipli\u011finin boyand\u0131\u011f\u0131 ve atk\u0131 ipli\u011finin beyaz b\u0131rak\u0131ld\u0131\u011f\u0131 indigo denimdir. \u00c7\u00f6zg\u00fc y\u00fczl\u00fc dimi dokuma sonucunda kuma\u015f\u0131n bir taraf\u0131nda mavi \u00e7\u00f6zg\u00fc iplikleri, di\u011fer taraf\u0131nda ise beyaz atk\u0131 iplikleri hakimdir. Bu kuma\u015ftan \u00fcretilen kot<\/p>\n","protected":false},"author":1,"featured_media":702,"parent":0,"menu_order":0,"comment_status":"closed","ping_status":"closed","template":"","meta":{"footnotes":""},"class_list":["post-86","page","type-page","status-publish","has-post-thumbnail","hentry"],"_links":{"self":[{"href":"https:\/\/tusedenim.com.tr\/index.php?rest_route=\/wp\/v2\/pages\/86","targetHints":{"allow":["GET"]}}],"collection":[{"href":"https:\/\/tusedenim.com.tr\/index.php?rest_route=\/wp\/v2\/pages"}],"about":[{"href":"https:\/\/tusedenim.com.tr\/index.php?rest_route=\/wp\/v2\/types\/page"}],"author":[{"embeddable":true,"href":"https:\/\/tusedenim.com.tr\/index.php?rest_route=\/wp\/v2\/users\/1"}],"replies":[{"embeddable":true,"href":"https:\/\/tusedenim.com.tr\/index.php?rest_route=%2Fwp%2Fv2%2Fcomments&post=86"}],"version-history":[{"count":4,"href":"https:\/\/tusedenim.com.tr\/index.php?rest_route=\/wp\/v2\/pages\/86\/revisions"}],"predecessor-version":[{"id":727,"href":"https:\/\/tusedenim.com.tr\/index.php?rest_route=\/wp\/v2\/pages\/86\/revisions\/727"}],"wp:featuredmedia":[{"embeddable":true,"href":"https:\/\/tusedenim.com.tr\/index.php?rest_route=\/wp\/v2\/media\/702"}],"wp:attachment":[{"href":"https:\/\/tusedenim.com.tr\/index.php?rest_route=%2Fwp%2Fv2%2Fmedia&parent=86"}],"curies":[{"name":"wp","href":"https:\/\/api.w.org\/{rel}","templated":true}]}}